{"id":175,"date":"2020-11-27T18:53:46","date_gmt":"2020-11-27T23:53:46","guid":{"rendered":"http:\/\/www.pakovert.com\/?page_id=175"},"modified":"2023-08-14T20:39:59","modified_gmt":"2023-08-15T00:39:59","slug":"services","status":"publish","type":"page","link":"https:\/\/www.pakovert.com\/fr\/services\/","title":{"rendered":"Produits"},"content":{"rendered":"<div class=\"gb-container gb-container-91e89ad1\"><div class=\"gb-inside-container\">\n<div class=\"gb-grid-wrapper gb-grid-wrapper-0529dab5\">\n<div class=\"gb-grid-column gb-grid-column-f275a708\"><div class=\"gb-container gb-container-f275a708\"><div class=\"gb-inside-container\"><\/div><\/div><\/div>\n\n<div class=\"gb-grid-column gb-grid-column-381b7f31\"><div class=\"gb-container gb-container-381b7f31\"><div class=\"gb-inside-container\">\n\n<hr class=\"wp-block-separator has-text-color has-background has-accent-background-color has-accent-color is-style-default\"\/>\n\n\n\n<h2 class=\"gb-headline gb-headline-9a2cec31 gb-headline-text\">NOUS PRODUISONS <span class=\"has-inline-color has-accent-color\">des emballages \u00e9cologiques personnalis\u00e9s<\/span><\/h2>\n\n\n\n<p class=\"has-text-align-center\">Nous travaillons avec nos clients pour concevoir et d\u00e9velopper des options d&#8217;emballage personnalisables. Pour ce faire, nous nous approvisionnons en mat\u00e9riaux de haute qualit\u00e9 aupr\u00e8s de fournisseurs de confiance qui utilisent une vari\u00e9t\u00e9 de technologies de pointe pour cr\u00e9er des emballages \u00e9cologiques personnalis\u00e9s.<\/p>\n\n\n\n<p class=\"has-text-align-center\">Contactez-nous pour un service fiable et honn\u00eate, sans surprise !<\/p>\n\n<\/div><\/div><\/div>\n\n<div class=\"gb-grid-column gb-grid-column-4730496a\"><div class=\"gb-container gb-container-4730496a\"><div class=\"gb-inside-container\"><\/div><\/div><\/div>\n<\/div>\n<\/div><\/div>\n\n<div class=\"gb-container gb-container-eb5d1d11 service-links\"><div class=\"gb-inside-container\">\n<div class=\"gb-grid-wrapper gb-grid-wrapper-dfbcac1e\">\n<div class=\"gb-grid-column gb-grid-column-31f2dc3a\"><div class=\"gb-container gb-container-31f2dc3a\"><div class=\"gb-inside-container\">\n\n<div class=\"wp-block-image\"><figure class=\"aligncenter size-full\"><img decoding=\"async\" loading=\"lazy\" width=\"150\" height=\"150\" src=\"https:\/\/www.pakovert.com\/wp-content\/uploads\/2023\/04\/bags.png\" alt=\"\" class=\"wp-image-281\"\/><\/figure><\/div>\n\n\n\n<h4 class=\"gb-headline gb-headline-d320ea72 gb-headline-text\">SACS ISOTHERMES<\/h4>\n\n<\/div><\/div><\/div>\n\n<div class=\"gb-grid-column gb-grid-column-ffa3a542\"><div class=\"gb-container gb-container-ffa3a542\"><div class=\"gb-inside-container\">\n\n<div class=\"wp-block-image\"><figure class=\"aligncenter size-full\"><img decoding=\"async\" loading=\"lazy\" width=\"150\" height=\"150\" src=\"https:\/\/www.pakovert.com\/wp-content\/uploads\/2023\/04\/grocery.png\" alt=\"\" class=\"wp-image-283\"\/><\/figure><\/div>\n\n\n\n<h4 class=\"gb-headline gb-headline-800ee279 gb-headline-text\">SACS \u00c0 PROVISIONS<\/h4>\n\n<\/div><\/div><\/div>\n\n<div class=\"gb-grid-column gb-grid-column-6fe1b736\"><div class=\"gb-container gb-container-6fe1b736\"><div class=\"gb-inside-container\">\n\n<div class=\"wp-block-image\"><figure class=\"aligncenter size-full\"><img decoding=\"async\" loading=\"lazy\" width=\"150\" height=\"150\" src=\"https:\/\/www.pakovert.com\/wp-content\/uploads\/2023\/04\/takeout.png\" alt=\"\" class=\"wp-image-285\"\/><\/figure><\/div>\n\n\n\n<h4 class=\"gb-headline gb-headline-2b3b0387 gb-headline-text\">CONTENEURS POUR  PLATS \u00c0 EMPORTER<\/h4>\n\n<\/div><\/div><\/div>\n\n<div class=\"gb-grid-column gb-grid-column-99147292\"><div class=\"gb-container gb-container-99147292\"><div class=\"gb-inside-container\">\n\n<div class=\"wp-block-image\"><figure class=\"aligncenter size-full\"><img decoding=\"async\" loading=\"lazy\" width=\"150\" height=\"150\" src=\"https:\/\/www.pakovert.com\/wp-content\/uploads\/2023\/04\/coffeecup.png\" alt=\"\" class=\"wp-image-287\"\/><\/figure><\/div>\n\n\n\n<h4 class=\"gb-headline gb-headline-e758782c gb-headline-text\">TASSES \u00c0 CAF\u00c9<\/h4>\n\n<\/div><\/div><\/div>\n<\/div>\n<\/div><\/div>\n\n<div class=\"gb-container gb-container-474c0ba2\"><div class=\"gb-inside-container\">\n\n<hr class=\"wp-block-separator has-text-color has-accent-color has-css-opacity has-accent-background-color has-background is-style-default\"\/>\n\n\n\n<h2 class=\"gb-headline gb-headline-552745bd gb-headline-text\">Personnalisez votre design<br><span class=\"has-inline-color has-accent-color\">OBTENIR UN DEVIS<\/span><\/h2>\n\n\n<div class=\"gb-button-wrapper gb-button-wrapper-6abda69d\">\n\n<a class=\"gb-button gb-button-26097f65\" href=\"https:\/\/www.pakovert.com\/fr\/contact\/\"><span class=\"gb-button-text\">NOUS JOINDRE<\/span><span class=\"gb-icon\"><svg aria-hidden=\"true\" height=\"1em\" width=\"1em\" viewBox=\"0 0 256 512\" xmlns=\"http:\/\/www.w3.org\/2000\/svg\"><path fill=\"currentColor\" d=\"M224.3 273l-136 136c-9.4 9.4-24.6 9.4-33.9 0l-22.6-22.6c-9.4-9.4-9.4-24.6 0-33.9l96.4-96.4-96.4-96.4c-9.4-9.4-9.4-24.6 0-33.9L54.3 103c9.4-9.4 24.6-9.4 33.9 0l136 136c9.5 9.4 9.5 24.6.1 34z\"><\/path><\/svg><\/span><\/a>\n\n<\/div>\n<\/div><\/div>\n\n\n<p><\/p>\n","protected":false},"excerpt":{"rendered":"","protected":false},"author":5,"featured_media":266,"parent":0,"menu_order":0,"comment_status":"closed","ping_status":"closed","template":"","meta":{"footnotes":"","_vp_format_video_url":"","_vp_image_focal_point":[]},"yoast_head":"<!-- This site is optimized with the Yoast SEO plugin v20.13 - https:\/\/yoast.com\/wordpress\/plugins\/seo\/ -->\n<title>Produits - PakoVert<\/title>\n<meta name=\"robots\" content=\"index, follow, max-snippet:-1, max-image-preview:large, max-video-preview:-1\" \/>\n<link rel=\"canonical\" href=\"https:\/\/www.pakovert.com\/fr\/services\/\" \/>\n<meta property=\"og:locale\" content=\"fr_FR\" \/>\n<meta property=\"og:type\" content=\"article\" \/>\n<meta property=\"og:title\" content=\"Produits - PakoVert\" \/>\n<meta property=\"og:url\" content=\"https:\/\/www.pakovert.com\/fr\/services\/\" \/>\n<meta property=\"og:site_name\" content=\"PakoVert\" \/>\n<meta property=\"article:publisher\" content=\"https:\/\/www.facebook.com\/people\/pakovert_mtl\/100066700060529\/\" \/>\n<meta property=\"article:modified_time\" content=\"2023-08-15T00:39:59+00:00\" \/>\n<meta property=\"og:image\" content=\"https:\/\/www.pakovert.com\/wp-content\/uploads\/2023\/04\/Untitled-1-2.jpg\" \/>\n\t<meta property=\"og:image:width\" content=\"1920\" \/>\n\t<meta property=\"og:image:height\" content=\"940\" \/>\n\t<meta property=\"og:image:type\" content=\"image\/jpeg\" \/>\n<meta name=\"twitter:card\" content=\"summary_large_image\" \/>\n<script type=\"application\/ld+json\" class=\"yoast-schema-graph\">{\"@context\":\"https:\/\/schema.org\",\"@graph\":[{\"@type\":\"WebPage\",\"@id\":\"https:\/\/www.pakovert.com\/fr\/services\/\",\"url\":\"https:\/\/www.pakovert.com\/fr\/services\/\",\"name\":\"Produits - PakoVert\",\"isPartOf\":{\"@id\":\"https:\/\/www.pakovert.com\/fr\/#website\"},\"datePublished\":\"2020-11-27T23:53:46+00:00\",\"dateModified\":\"2023-08-15T00:39:59+00:00\",\"breadcrumb\":{\"@id\":\"https:\/\/www.pakovert.com\/fr\/services\/#breadcrumb\"},\"inLanguage\":\"fr-FR\",\"potentialAction\":[{\"@type\":\"ReadAction\",\"target\":[\"https:\/\/www.pakovert.com\/fr\/services\/\"]}]},{\"@type\":\"BreadcrumbList\",\"@id\":\"https:\/\/www.pakovert.com\/fr\/services\/#breadcrumb\",\"itemListElement\":[{\"@type\":\"ListItem\",\"position\":1,\"name\":\"Home\",\"item\":\"https:\/\/www.pakovert.com\/fr\/\"},{\"@type\":\"ListItem\",\"position\":2,\"name\":\"Produits\"}]},{\"@type\":\"WebSite\",\"@id\":\"https:\/\/www.pakovert.com\/fr\/#website\",\"url\":\"https:\/\/www.pakovert.com\/fr\/\",\"name\":\"PakoVert\",\"description\":\"Customizable packaging options: Insulated Bags, Grocery Bags, Take-Out Containers\",\"publisher\":{\"@id\":\"https:\/\/www.pakovert.com\/fr\/#organization\"},\"potentialAction\":[{\"@type\":\"SearchAction\",\"target\":{\"@type\":\"EntryPoint\",\"urlTemplate\":\"https:\/\/www.pakovert.com\/fr\/?s={search_term_string}\"},\"query-input\":\"required name=search_term_string\"}],\"inLanguage\":\"fr-FR\"},{\"@type\":\"Organization\",\"@id\":\"https:\/\/www.pakovert.com\/fr\/#organization\",\"name\":\"PakoVert\",\"url\":\"https:\/\/www.pakovert.com\/fr\/\",\"logo\":{\"@type\":\"ImageObject\",\"inLanguage\":\"fr-FR\",\"@id\":\"https:\/\/www.pakovert.com\/fr\/#\/schema\/logo\/image\/\",\"url\":\"https:\/\/www.pakovert.com\/wp-content\/uploads\/2023\/04\/logo-pakovert.png\",\"contentUrl\":\"https:\/\/www.pakovert.com\/wp-content\/uploads\/2023\/04\/logo-pakovert.png\",\"width\":311,\"height\":53,\"caption\":\"PakoVert\"},\"image\":{\"@id\":\"https:\/\/www.pakovert.com\/fr\/#\/schema\/logo\/image\/\"},\"sameAs\":[\"https:\/\/www.facebook.com\/people\/pakovert_mtl\/100066700060529\/\",\"https:\/\/www.instagram.com\/pakovert_mtl\/\"]}]}<\/script>\n<!-- \/ Yoast SEO plugin. -->","yoast_head_json":{"title":"Produits - PakoVert","robots":{"index":"index","follow":"follow","max-snippet":"max-snippet:-1","max-image-preview":"max-image-preview:large","max-video-preview":"max-video-preview:-1"},"canonical":"https:\/\/www.pakovert.com\/fr\/services\/","og_locale":"fr_FR","og_type":"article","og_title":"Produits - PakoVert","og_url":"https:\/\/www.pakovert.com\/fr\/services\/","og_site_name":"PakoVert","article_publisher":"https:\/\/www.facebook.com\/people\/pakovert_mtl\/100066700060529\/","article_modified_time":"2023-08-15T00:39:59+00:00","og_image":[{"width":1920,"height":940,"url":"https:\/\/www.pakovert.com\/wp-content\/uploads\/2023\/04\/Untitled-1-2.jpg","type":"image\/jpeg"}],"twitter_card":"summary_large_image","schema":{"@context":"https:\/\/schema.org","@graph":[{"@type":"WebPage","@id":"https:\/\/www.pakovert.com\/fr\/services\/","url":"https:\/\/www.pakovert.com\/fr\/services\/","name":"Produits - PakoVert","isPartOf":{"@id":"https:\/\/www.pakovert.com\/fr\/#website"},"datePublished":"2020-11-27T23:53:46+00:00","dateModified":"2023-08-15T00:39:59+00:00","breadcrumb":{"@id":"https:\/\/www.pakovert.com\/fr\/services\/#breadcrumb"},"inLanguage":"fr-FR","potentialAction":[{"@type":"ReadAction","target":["https:\/\/www.pakovert.com\/fr\/services\/"]}]},{"@type":"BreadcrumbList","@id":"https:\/\/www.pakovert.com\/fr\/services\/#breadcrumb","itemListElement":[{"@type":"ListItem","position":1,"name":"Home","item":"https:\/\/www.pakovert.com\/fr\/"},{"@type":"ListItem","position":2,"name":"Produits"}]},{"@type":"WebSite","@id":"https:\/\/www.pakovert.com\/fr\/#website","url":"https:\/\/www.pakovert.com\/fr\/","name":"PakoVert","description":"Customizable packaging options: Insulated Bags, Grocery Bags, Take-Out Containers","publisher":{"@id":"https:\/\/www.pakovert.com\/fr\/#organization"},"potentialAction":[{"@type":"SearchAction","target":{"@type":"EntryPoint","urlTemplate":"https:\/\/www.pakovert.com\/fr\/?s={search_term_string}"},"query-input":"required name=search_term_string"}],"inLanguage":"fr-FR"},{"@type":"Organization","@id":"https:\/\/www.pakovert.com\/fr\/#organization","name":"PakoVert","url":"https:\/\/www.pakovert.com\/fr\/","logo":{"@type":"ImageObject","inLanguage":"fr-FR","@id":"https:\/\/www.pakovert.com\/fr\/#\/schema\/logo\/image\/","url":"https:\/\/www.pakovert.com\/wp-content\/uploads\/2023\/04\/logo-pakovert.png","contentUrl":"https:\/\/www.pakovert.com\/wp-content\/uploads\/2023\/04\/logo-pakovert.png","width":311,"height":53,"caption":"PakoVert"},"image":{"@id":"https:\/\/www.pakovert.com\/fr\/#\/schema\/logo\/image\/"},"sameAs":["https:\/\/www.facebook.com\/people\/pakovert_mtl\/100066700060529\/","https:\/\/www.instagram.com\/pakovert_mtl\/"]}]}},"_links":{"self":[{"href":"https:\/\/www.pakovert.com\/fr\/wp-json\/wp\/v2\/pages\/175"}],"collection":[{"href":"https:\/\/www.pakovert.com\/fr\/wp-json\/wp\/v2\/pages"}],"about":[{"href":"https:\/\/www.pakovert.com\/fr\/wp-json\/wp\/v2\/types\/page"}],"author":[{"embeddable":true,"href":"https:\/\/www.pakovert.com\/fr\/wp-json\/wp\/v2\/users\/5"}],"replies":[{"embeddable":true,"href":"https:\/\/www.pakovert.com\/fr\/wp-json\/wp\/v2\/comments?post=175"}],"version-history":[{"count":0,"href":"https:\/\/www.pakovert.com\/fr\/wp-json\/wp\/v2\/pages\/175\/revisions"}],"wp:featuredmedia":[{"embeddable":true,"href":"https:\/\/www.pakovert.com\/fr\/wp-json\/wp\/v2\/media\/266"}],"wp:attachment":[{"href":"https:\/\/www.pakovert.com\/fr\/wp-json\/wp\/v2\/media?parent=175"}],"curies":[{"name":"wp","href":"https:\/\/api.w.org\/{rel}","templated":true}]}}