{"id":173,"date":"2020-11-27T18:45:05","date_gmt":"2020-11-27T23:45:05","guid":{"rendered":"http:\/\/www.pakovert.com\/?page_id=173"},"modified":"2023-08-14T20:20:56","modified_gmt":"2023-08-15T00:20:56","slug":"a-propos","status":"publish","type":"page","link":"https:\/\/www.pakovert.com\/fr\/a-propos\/","title":{"rendered":"\u00c0 propos"},"content":{"rendered":"<div class=\"gb-container gb-container-8312a62a\"><div class=\"gb-inside-container\">\n<div class=\"gb-grid-wrapper gb-grid-wrapper-ac630e8b\">\n<div class=\"gb-grid-column gb-grid-column-f74644be\"><div class=\"gb-container gb-container-f74644be\"><div class=\"gb-inside-container\"><\/div><\/div><\/div>\n\n<div class=\"gb-grid-column gb-grid-column-35dbaf24\"><div class=\"gb-container gb-container-35dbaf24\"><div class=\"gb-inside-container\">\n\n<hr class=\"wp-block-separator has-text-color has-background has-accent-background-color has-accent-color is-style-default\"\/>\n\n\n\n<h2 class=\"gb-headline gb-headline-2bcca9ac gb-headline-text\"><span class=\"has-inline-color has-accent-color\">CE QUE <\/span>NOUS FAISONS<\/h2>\n\n\n\n<p class=\"has-text-align-center\">Nous travaillons avec nos clients pour concevoir et d\u00e9velopper des options d&#8217;emballage personnalisables. Pour ce faire, nous nous approvisionnons en mat\u00e9riaux de haute qualit\u00e9 aupr\u00e8s de fournisseurs de confiance qui utilisent une vari\u00e9t\u00e9 de technologies de pointe pour cr\u00e9er des emballages \u00e9cologiques personnalis\u00e9s.<\/p>\n\n<\/div><\/div><\/div>\n\n<div class=\"gb-grid-column gb-grid-column-8e029518\"><div class=\"gb-container gb-container-8e029518\"><div class=\"gb-inside-container\"><\/div><\/div><\/div>\n<\/div>\n<\/div><\/div>\n\n<div class=\"gb-container gb-container-d8e4f5fc hide-bg-mobile\"><div class=\"gb-inside-container\">\n\n<div class=\"wp-block-image show-mobile no-margin\"><figure class=\"aligncenter size-full\"><img decoding=\"async\" loading=\"lazy\" width=\"901\" height=\"601\" src=\"https:\/\/www.pakovert.com\/wp-content\/uploads\/2023\/04\/about-us.jpg\" alt=\"\" class=\"wp-image-234\" srcset=\"https:\/\/www.pakovert.com\/wp-content\/uploads\/2023\/04\/about-us.jpg 901w, https:\/\/www.pakovert.com\/wp-content\/uploads\/2023\/04\/about-us-300x200.jpg 300w, https:\/\/www.pakovert.com\/wp-content\/uploads\/2023\/04\/about-us-768x512.jpg 768w\" sizes=\"(max-width: 901px) 100vw, 901px\" \/><\/figure><\/div>\n\n\n<div class=\"gb-grid-wrapper gb-grid-wrapper-6df61d8e\">\n<div class=\"gb-grid-column gb-grid-column-9372bb94\"><div class=\"gb-container gb-container-9372bb94\"><div class=\"gb-inside-container\"><\/div><\/div><\/div>\n\n<div class=\"gb-grid-column gb-grid-column-f3d73aa5\"><div class=\"gb-container gb-container-f3d73aa5\"><div class=\"gb-inside-container\">\n\n<hr class=\"wp-block-separator has-text-color has-background has-base-3-background-color has-base-3-color left-separator\"\/>\n\n\n\n<h2 class=\"gb-headline gb-headline-6c27233b gb-headline-text\">QUI NOUS SOMMES<\/h2>\n\n\n\n<p class=\"has-white-color has-text-color\">Une entreprise bas\u00e9e \u00e0 Montr\u00e9al qui se concentre sur la recherche de solutions \u00e9cologiques pour tous vos besoins en mati\u00e8re d&#8217;emballage. Offrant une grande vari\u00e9t\u00e9 de produits durables, compostables et biod\u00e9gradables, nous sommes pr\u00eats \u00e0 vous aider \u00e0 faire en sorte que le virage vert soit non seulement rentable et judicieux, mais aussi n\u00e9cessaire pour \u00eatre comp\u00e9titif dans le march\u00e9 d&rsquo;aujourd&rsquo;hui.<\/p>\n\n<\/div><\/div><\/div>\n<\/div>\n<\/div><\/div>\n\n<div class=\"gb-container gb-container-4fb54944\"><div class=\"gb-inside-container\">\n<div class=\"gb-grid-wrapper gb-grid-wrapper-3247820e\">\n<div class=\"gb-grid-column gb-grid-column-77e23092\"><div class=\"gb-container gb-container-77e23092\"><div class=\"gb-inside-container\"><\/div><\/div><\/div>\n\n<div class=\"gb-grid-column gb-grid-column-541b413e\"><div class=\"gb-container gb-container-541b413e\"><div class=\"gb-inside-container\">\n\n<hr class=\"wp-block-separator has-text-color has-background has-accent-background-color has-accent-color is-style-default\"\/>\n\n\n\n<h2 class=\"gb-headline gb-headline-3befdfd9 gb-headline-text\">ILS NOUS FONT <meta charset=\"utf-8\"><span class=\"has-inline-color has-accent-color\">CONFIANCE<\/span><\/h2>\n\n\n\n<p class=\"has-text-align-center\">Nous avons eu le privil\u00e8ge de travailler avec de grandes marques !<\/p>\n\n<\/div><\/div><\/div>\n\n<div class=\"gb-grid-column gb-grid-column-420f6bfd\"><div class=\"gb-container gb-container-420f6bfd\"><div class=\"gb-inside-container\"><\/div><\/div><\/div>\n<\/div>\n\n\n<div class=\"wp-block-image\"><figure class=\"aligncenter size-large\"><img decoding=\"async\" loading=\"lazy\" width=\"1024\" height=\"132\" src=\"https:\/\/www.pakovert.com\/wp-content\/uploads\/2023\/04\/pakovert-brand-packages-B-1024x132.png\" alt=\"\" class=\"wp-image-302\" srcset=\"https:\/\/www.pakovert.com\/wp-content\/uploads\/2023\/04\/pakovert-brand-packages-B-1024x132.png 1024w, https:\/\/www.pakovert.com\/wp-content\/uploads\/2023\/04\/pakovert-brand-packages-B-300x39.png 300w, https:\/\/www.pakovert.com\/wp-content\/uploads\/2023\/04\/pakovert-brand-packages-B-768x99.png 768w, https:\/\/www.pakovert.com\/wp-content\/uploads\/2023\/04\/pakovert-brand-packages-B.png 1469w\" sizes=\"(max-width: 1024px) 100vw, 1024px\" \/><\/figure><\/div>\n\n<\/div><\/div>\n\n<div class=\"gb-container gb-container-474c0ba2\"><div class=\"gb-inside-container\">\n\n<hr class=\"wp-block-separator has-text-color has-accent-color has-css-opacity has-accent-background-color has-background is-style-default\"\/>\n\n\n\n<h2 class=\"gb-headline gb-headline-552745bd gb-headline-text\">Personnalisez votre design<br><span class=\"has-inline-color has-accent-color\">OBTENIR UN DEVIS<\/span><\/h2>\n\n\n<div class=\"gb-button-wrapper gb-button-wrapper-6abda69d\">\n\n<a class=\"gb-button gb-button-26097f65\" href=\"https:\/\/www.pakovert.com\/fr\/contact\/\"><span class=\"gb-button-text\">NOUS JOINDRE<\/span><span class=\"gb-icon\"><svg aria-hidden=\"true\" height=\"1em\" width=\"1em\" viewBox=\"0 0 256 512\" xmlns=\"http:\/\/www.w3.org\/2000\/svg\"><path fill=\"currentColor\" d=\"M224.3 273l-136 136c-9.4 9.4-24.6 9.4-33.9 0l-22.6-22.6c-9.4-9.4-9.4-24.6 0-33.9l96.4-96.4-96.4-96.4c-9.4-9.4-9.4-24.6 0-33.9L54.3 103c9.4-9.4 24.6-9.4 33.9 0l136 136c9.5 9.4 9.5 24.6.1 34z\"><\/path><\/svg><\/span><\/a>\n\n<\/div>\n<\/div><\/div>","protected":false},"excerpt":{"rendered":"","protected":false},"author":5,"featured_media":261,"parent":0,"menu_order":0,"comment_status":"closed","ping_status":"closed","template":"","meta":{"footnotes":"","_vp_format_video_url":"","_vp_image_focal_point":[]},"yoast_head":"<!-- This site is optimized with the Yoast SEO plugin v20.13 - https:\/\/yoast.com\/wordpress\/plugins\/seo\/ -->\n<title>\u00c0 propos - PakoVert<\/title>\n<meta name=\"robots\" content=\"index, follow, max-snippet:-1, max-image-preview:large, max-video-preview:-1\" \/>\n<link rel=\"canonical\" href=\"https:\/\/www.pakovert.com\/fr\/a-propos\/\" \/>\n<meta property=\"og:locale\" content=\"fr_FR\" \/>\n<meta property=\"og:type\" content=\"article\" \/>\n<meta property=\"og:title\" content=\"\u00c0 propos - PakoVert\" \/>\n<meta property=\"og:url\" content=\"https:\/\/www.pakovert.com\/fr\/a-propos\/\" \/>\n<meta property=\"og:site_name\" content=\"PakoVert\" \/>\n<meta property=\"article:publisher\" content=\"https:\/\/www.facebook.com\/people\/pakovert_mtl\/100066700060529\/\" \/>\n<meta property=\"article:modified_time\" content=\"2023-08-15T00:20:56+00:00\" \/>\n<meta property=\"og:image\" content=\"https:\/\/www.pakovert.com\/wp-content\/uploads\/2023\/04\/Untitled-2.jpg\" \/>\n\t<meta property=\"og:image:width\" content=\"1920\" \/>\n\t<meta property=\"og:image:height\" content=\"940\" \/>\n\t<meta property=\"og:image:type\" content=\"image\/jpeg\" \/>\n<meta name=\"twitter:card\" content=\"summary_large_image\" \/>\n<meta name=\"twitter:label1\" content=\"Dur\u00e9e de lecture estim\u00e9e\" \/>\n\t<meta name=\"twitter:data1\" content=\"1 minute\" \/>\n<script type=\"application\/ld+json\" class=\"yoast-schema-graph\">{\"@context\":\"https:\/\/schema.org\",\"@graph\":[{\"@type\":\"WebPage\",\"@id\":\"https:\/\/www.pakovert.com\/fr\/a-propos\/\",\"url\":\"https:\/\/www.pakovert.com\/fr\/a-propos\/\",\"name\":\"\u00c0 propos - PakoVert\",\"isPartOf\":{\"@id\":\"https:\/\/www.pakovert.com\/fr\/#website\"},\"datePublished\":\"2020-11-27T23:45:05+00:00\",\"dateModified\":\"2023-08-15T00:20:56+00:00\",\"breadcrumb\":{\"@id\":\"https:\/\/www.pakovert.com\/fr\/a-propos\/#breadcrumb\"},\"inLanguage\":\"fr-FR\",\"potentialAction\":[{\"@type\":\"ReadAction\",\"target\":[\"https:\/\/www.pakovert.com\/fr\/a-propos\/\"]}]},{\"@type\":\"BreadcrumbList\",\"@id\":\"https:\/\/www.pakovert.com\/fr\/a-propos\/#breadcrumb\",\"itemListElement\":[{\"@type\":\"ListItem\",\"position\":1,\"name\":\"Home\",\"item\":\"https:\/\/www.pakovert.com\/fr\/\"},{\"@type\":\"ListItem\",\"position\":2,\"name\":\"\u00c0 propos\"}]},{\"@type\":\"WebSite\",\"@id\":\"https:\/\/www.pakovert.com\/fr\/#website\",\"url\":\"https:\/\/www.pakovert.com\/fr\/\",\"name\":\"PakoVert\",\"description\":\"Customizable packaging options: Insulated Bags, Grocery Bags, Take-Out Containers\",\"publisher\":{\"@id\":\"https:\/\/www.pakovert.com\/fr\/#organization\"},\"potentialAction\":[{\"@type\":\"SearchAction\",\"target\":{\"@type\":\"EntryPoint\",\"urlTemplate\":\"https:\/\/www.pakovert.com\/fr\/?s={search_term_string}\"},\"query-input\":\"required name=search_term_string\"}],\"inLanguage\":\"fr-FR\"},{\"@type\":\"Organization\",\"@id\":\"https:\/\/www.pakovert.com\/fr\/#organization\",\"name\":\"PakoVert\",\"url\":\"https:\/\/www.pakovert.com\/fr\/\",\"logo\":{\"@type\":\"ImageObject\",\"inLanguage\":\"fr-FR\",\"@id\":\"https:\/\/www.pakovert.com\/fr\/#\/schema\/logo\/image\/\",\"url\":\"https:\/\/www.pakovert.com\/wp-content\/uploads\/2023\/04\/logo-pakovert.png\",\"contentUrl\":\"https:\/\/www.pakovert.com\/wp-content\/uploads\/2023\/04\/logo-pakovert.png\",\"width\":311,\"height\":53,\"caption\":\"PakoVert\"},\"image\":{\"@id\":\"https:\/\/www.pakovert.com\/fr\/#\/schema\/logo\/image\/\"},\"sameAs\":[\"https:\/\/www.facebook.com\/people\/pakovert_mtl\/100066700060529\/\",\"https:\/\/www.instagram.com\/pakovert_mtl\/\"]}]}<\/script>\n<!-- \/ Yoast SEO plugin. -->","yoast_head_json":{"title":"\u00c0 propos - PakoVert","robots":{"index":"index","follow":"follow","max-snippet":"max-snippet:-1","max-image-preview":"max-image-preview:large","max-video-preview":"max-video-preview:-1"},"canonical":"https:\/\/www.pakovert.com\/fr\/a-propos\/","og_locale":"fr_FR","og_type":"article","og_title":"\u00c0 propos - PakoVert","og_url":"https:\/\/www.pakovert.com\/fr\/a-propos\/","og_site_name":"PakoVert","article_publisher":"https:\/\/www.facebook.com\/people\/pakovert_mtl\/100066700060529\/","article_modified_time":"2023-08-15T00:20:56+00:00","og_image":[{"width":1920,"height":940,"url":"https:\/\/www.pakovert.com\/wp-content\/uploads\/2023\/04\/Untitled-2.jpg","type":"image\/jpeg"}],"twitter_card":"summary_large_image","twitter_misc":{"Dur\u00e9e de lecture estim\u00e9e":"1 minute"},"schema":{"@context":"https:\/\/schema.org","@graph":[{"@type":"WebPage","@id":"https:\/\/www.pakovert.com\/fr\/a-propos\/","url":"https:\/\/www.pakovert.com\/fr\/a-propos\/","name":"\u00c0 propos - PakoVert","isPartOf":{"@id":"https:\/\/www.pakovert.com\/fr\/#website"},"datePublished":"2020-11-27T23:45:05+00:00","dateModified":"2023-08-15T00:20:56+00:00","breadcrumb":{"@id":"https:\/\/www.pakovert.com\/fr\/a-propos\/#breadcrumb"},"inLanguage":"fr-FR","potentialAction":[{"@type":"ReadAction","target":["https:\/\/www.pakovert.com\/fr\/a-propos\/"]}]},{"@type":"BreadcrumbList","@id":"https:\/\/www.pakovert.com\/fr\/a-propos\/#breadcrumb","itemListElement":[{"@type":"ListItem","position":1,"name":"Home","item":"https:\/\/www.pakovert.com\/fr\/"},{"@type":"ListItem","position":2,"name":"\u00c0 propos"}]},{"@type":"WebSite","@id":"https:\/\/www.pakovert.com\/fr\/#website","url":"https:\/\/www.pakovert.com\/fr\/","name":"PakoVert","description":"Customizable packaging options: Insulated Bags, Grocery Bags, Take-Out Containers","publisher":{"@id":"https:\/\/www.pakovert.com\/fr\/#organization"},"potentialAction":[{"@type":"SearchAction","target":{"@type":"EntryPoint","urlTemplate":"https:\/\/www.pakovert.com\/fr\/?s={search_term_string}"},"query-input":"required name=search_term_string"}],"inLanguage":"fr-FR"},{"@type":"Organization","@id":"https:\/\/www.pakovert.com\/fr\/#organization","name":"PakoVert","url":"https:\/\/www.pakovert.com\/fr\/","logo":{"@type":"ImageObject","inLanguage":"fr-FR","@id":"https:\/\/www.pakovert.com\/fr\/#\/schema\/logo\/image\/","url":"https:\/\/www.pakovert.com\/wp-content\/uploads\/2023\/04\/logo-pakovert.png","contentUrl":"https:\/\/www.pakovert.com\/wp-content\/uploads\/2023\/04\/logo-pakovert.png","width":311,"height":53,"caption":"PakoVert"},"image":{"@id":"https:\/\/www.pakovert.com\/fr\/#\/schema\/logo\/image\/"},"sameAs":["https:\/\/www.facebook.com\/people\/pakovert_mtl\/100066700060529\/","https:\/\/www.instagram.com\/pakovert_mtl\/"]}]}},"_links":{"self":[{"href":"https:\/\/www.pakovert.com\/fr\/wp-json\/wp\/v2\/pages\/173"}],"collection":[{"href":"https:\/\/www.pakovert.com\/fr\/wp-json\/wp\/v2\/pages"}],"about":[{"href":"https:\/\/www.pakovert.com\/fr\/wp-json\/wp\/v2\/types\/page"}],"author":[{"embeddable":true,"href":"https:\/\/www.pakovert.com\/fr\/wp-json\/wp\/v2\/users\/5"}],"replies":[{"embeddable":true,"href":"https:\/\/www.pakovert.com\/fr\/wp-json\/wp\/v2\/comments?post=173"}],"version-history":[{"count":0,"href":"https:\/\/www.pakovert.com\/fr\/wp-json\/wp\/v2\/pages\/173\/revisions"}],"wp:featuredmedia":[{"embeddable":true,"href":"https:\/\/www.pakovert.com\/fr\/wp-json\/wp\/v2\/media\/261"}],"wp:attachment":[{"href":"https:\/\/www.pakovert.com\/fr\/wp-json\/wp\/v2\/media?parent=173"}],"curies":[{"name":"wp","href":"https:\/\/api.w.org\/{rel}","templated":true}]}}