{"id":168,"date":"2020-11-27T18:04:21","date_gmt":"2020-11-27T23:04:21","guid":{"rendered":"http:\/\/www.pakovert.com\/?page_id=168"},"modified":"2023-08-15T00:28:53","modified_gmt":"2023-08-15T04:28:53","slug":"accueil","status":"publish","type":"page","link":"https:\/\/www.pakovert.com\/fr\/","title":{"rendered":"Accueil"},"content":{"rendered":"<div class=\"gb-container gb-container-14d5bd26\"><div class=\"gb-inside-container\">\n<div class=\"gb-grid-wrapper gb-grid-wrapper-a2cf2476 home-below-banner\">\n<div class=\"gb-grid-column gb-grid-column-1a770c5d\"><div class=\"gb-container gb-container-1a770c5d pos-relative\"><div class=\"gb-inside-container\">\n\n<p class=\"home-step-number\">01<\/p>\n\n\n\n<h4 class=\"gb-headline gb-headline-dc091e13 gb-headline-text z1\">SERVICE <span class=\"has-inline-color has-accent-color\">Rapide<\/span><\/h4>\n\n\n\n<p>On fait toujours tout ce qu&rsquo;on peut pour donner un rendez-vous rapide a nos clients.<\/p>\n\n<\/div><\/div><\/div>\n\n<div class=\"gb-grid-column gb-grid-column-ca993bb8\"><div class=\"gb-container gb-container-ca993bb8 pos-relative\"><div class=\"gb-inside-container\">\n\n<p class=\"home-step-number\">02<\/p>\n\n\n\n<h4 class=\"gb-headline gb-headline-272acd96 gb-headline-text z1\">Conseils <span class=\"has-inline-color has-accent-color\">d&rsquo;experts<\/span><\/h4>\n\n\n\n<p>Que vous ayez besoin d&rsquo;une id\u00e9e de prix      ou d&rsquo;un simple conseil, appelez-nous !<\/p>\n\n<\/div><\/div><\/div>\n\n<div class=\"gb-grid-column gb-grid-column-10ae7655\"><div class=\"gb-container gb-container-10ae7655 pos-relative\"><div class=\"gb-inside-container\">\n\n<p class=\"home-step-number\">03<\/p>\n\n\n\n<h4 class=\"gb-headline gb-headline-3fb40163 gb-headline-text z1\">Avis des <span class=\"has-inline-color has-accent-color\">clientS<\/span><\/h4>\n\n\n\n<p>Nous sommes fiers des commentaires positifs que nos clients nous donnent.<\/p>\n\n<\/div><\/div><\/div>\n<\/div>\n<\/div><\/div>\n\n<div class=\"gb-container gb-container-f6e946a9\"><div class=\"gb-inside-container\">\n<div class=\"gb-grid-wrapper gb-grid-wrapper-1b99fcf4\">\n<div class=\"gb-grid-column gb-grid-column-0c49df5f\"><div class=\"gb-container gb-container-0c49df5f\"><div class=\"gb-inside-container\">\n<div class=\"wp-block-image\">\n<figure class=\"aligncenter size-full\"><img decoding=\"async\" loading=\"lazy\" width=\"550\" height=\"511\" src=\"https:\/\/www.pakovert.com\/wp-content\/uploads\/2023\/04\/banner-product.png\" alt=\"\" class=\"wp-image-248\" srcset=\"https:\/\/www.pakovert.com\/wp-content\/uploads\/2023\/04\/banner-product.png 550w, https:\/\/www.pakovert.com\/wp-content\/uploads\/2023\/04\/banner-product-300x279.png 300w\" sizes=\"(max-width: 550px) 100vw, 550px\" \/><\/figure><\/div>\n<\/div><\/div><\/div>\n\n<div class=\"gb-grid-column gb-grid-column-dbdb0592\"><div class=\"gb-container gb-container-dbdb0592\"><div class=\"gb-inside-container\">\n\n<hr class=\"wp-block-separator has-text-color has-accent-color has-css-opacity has-accent-background-color has-background left-separator\"\/>\n\n\n\n<h2 class=\"gb-headline gb-headline-6d8881cb gb-headline-text\">\u00c0 Propos de  <span class=\"has-inline-color has-accent-color\">nouS<\/span><\/h2>\n\n\n\n<p>Une entreprise bas\u00e9e \u00e0 Montr\u00e9al qui se concentre sur la recherche de solutions \u00e9cologiques pour tous vos besoins en mati\u00e8re d&#8217;emballage. Offrant une grande vari\u00e9t\u00e9 de produits durables, compostables et biod\u00e9gradables, nous sommes pr\u00eats \u00e0 vous aider \u00e0 faire en sorte que le virage vert soit non seulement rentable et judicieux, mais aussi n\u00e9cessaire pour \u00eatre comp\u00e9titif dans le march\u00e9 d&rsquo;aujourd&rsquo;hui.<\/p>\n\n\n<div class=\"gb-button-wrapper gb-button-wrapper-2895bcc4\">\n\n<a class=\"gb-button gb-button-b5daf481\" href=\"https:\/\/www.pakovert.com\/fr\/a-propos\/\"><span class=\"gb-button-text\"><strong>LIRE PLUS<\/strong><\/span><span class=\"gb-icon\"><svg aria-hidden=\"true\" height=\"1em\" width=\"1em\" viewBox=\"0 0 256 512\" xmlns=\"http:\/\/www.w3.org\/2000\/svg\"><path fill=\"currentColor\" d=\"M224.3 273l-136 136c-9.4 9.4-24.6 9.4-33.9 0l-22.6-22.6c-9.4-9.4-9.4-24.6 0-33.9l96.4-96.4-96.4-96.4c-9.4-9.4-9.4-24.6 0-33.9L54.3 103c9.4-9.4 24.6-9.4 33.9 0l136 136c9.5 9.4 9.5 24.6.1 34z\"><\/path><\/svg><\/span><\/a>\n\n<\/div>\n<\/div><\/div><\/div>\n<\/div>\n<\/div><\/div>\n\n<div class=\"gb-container gb-container-d5b25a5b service-links\"><div class=\"gb-inside-container\">\n\n<hr class=\"wp-block-separator has-text-color has-accent-color has-css-opacity has-accent-background-color has-background is-style-default\"\/>\n\n\n\n<h2 class=\"gb-headline gb-headline-9ccb7edf gb-headline-text\">ce que nous<span class=\"has-inline-color has-accent-color\"> FAISoNS<\/span><\/h2>\n\n\n\n<div style=\"height:40px\" aria-hidden=\"true\" class=\"wp-block-spacer\"><\/div>\n\n\n<div class=\"gb-grid-wrapper gb-grid-wrapper-dfbcac1e\">\n<div class=\"gb-grid-column gb-grid-column-31f2dc3a\"><div class=\"gb-container gb-container-31f2dc3a\"><div class=\"gb-inside-container\">\n<div class=\"wp-block-image\">\n<figure class=\"aligncenter size-full\"><img decoding=\"async\" loading=\"lazy\" width=\"150\" height=\"150\" src=\"https:\/\/www.pakovert.com\/wp-content\/uploads\/2023\/04\/bags.png\" alt=\"\" class=\"wp-image-281\"\/><\/figure><\/div>\n\n\n<h4 class=\"gb-headline gb-headline-d320ea72 gb-headline-text\">SACS ISOTHERMES<\/h4>\n\n<\/div><\/div><\/div>\n\n<div class=\"gb-grid-column gb-grid-column-ffa3a542\"><div class=\"gb-container gb-container-ffa3a542\"><div class=\"gb-inside-container\">\n<div class=\"wp-block-image\">\n<figure class=\"aligncenter size-full\"><img decoding=\"async\" loading=\"lazy\" width=\"150\" height=\"150\" src=\"https:\/\/www.pakovert.com\/wp-content\/uploads\/2023\/04\/grocery.png\" alt=\"\" class=\"wp-image-283\"\/><\/figure><\/div>\n\n\n<h4 class=\"gb-headline gb-headline-800ee279 gb-headline-text\">SACS \u00c0 PROVISIONS<\/h4>\n\n<\/div><\/div><\/div>\n\n<div class=\"gb-grid-column gb-grid-column-6fe1b736\"><div class=\"gb-container gb-container-6fe1b736\"><div class=\"gb-inside-container\">\n<div class=\"wp-block-image\">\n<figure class=\"aligncenter size-full\"><img decoding=\"async\" loading=\"lazy\" width=\"150\" height=\"150\" src=\"https:\/\/www.pakovert.com\/wp-content\/uploads\/2023\/04\/takeout.png\" alt=\"\" class=\"wp-image-285\"\/><\/figure><\/div>\n\n\n<h4 class=\"gb-headline gb-headline-2b3b0387 gb-headline-text\">CONTENEURS POUR  PLATS \u00c0 EMPORTER<\/h4>\n\n<\/div><\/div><\/div>\n\n<div class=\"gb-grid-column gb-grid-column-99147292\"><div class=\"gb-container gb-container-99147292\"><div class=\"gb-inside-container\">\n<div class=\"wp-block-image\">\n<figure class=\"aligncenter size-full\"><img decoding=\"async\" loading=\"lazy\" width=\"150\" height=\"150\" src=\"https:\/\/www.pakovert.com\/wp-content\/uploads\/2023\/04\/coffeecup.png\" alt=\"\" class=\"wp-image-287\"\/><\/figure><\/div>\n\n\n<h4 class=\"gb-headline gb-headline-e758782c gb-headline-text\">TASSES \u00c0 CAF\u00c9<\/h4>\n\n<\/div><\/div><\/div>\n<\/div>\n\n<div class=\"gb-button-wrapper gb-button-wrapper-1e29a05b\">\n\n<a class=\"gb-button gb-button-26955689\" href=\"https:\/\/www.pakovert.com\/fr\/services\/\"><span class=\"gb-button-text\"><strong>VOIR TOUS NOS SERVICES<\/strong><\/span><span class=\"gb-icon\"><svg aria-hidden=\"true\" height=\"1em\" width=\"1em\" viewBox=\"0 0 256 512\" xmlns=\"http:\/\/www.w3.org\/2000\/svg\"><path fill=\"currentColor\" d=\"M224.3 273l-136 136c-9.4 9.4-24.6 9.4-33.9 0l-22.6-22.6c-9.4-9.4-9.4-24.6 0-33.9l96.4-96.4-96.4-96.4c-9.4-9.4-9.4-24.6 0-33.9L54.3 103c9.4-9.4 24.6-9.4 33.9 0l136 136c9.5 9.4 9.5 24.6.1 34z\"><\/path><\/svg><\/span><\/a>\n\n<\/div>\n<\/div><\/div>\n\n<div class=\"gb-container gb-container-e95a19e6\"><div class=\"gb-inside-container\">\n\n<hr class=\"wp-block-separator has-text-color has-accent-color has-css-opacity has-accent-background-color has-background is-style-default\"\/>\n\n\n\n<h2 class=\"gb-headline gb-headline-f70fe50e gb-headline-text\">Ce que disent <span class=\"has-inline-color has-accent-color\">LES GENS<\/span><\/h2>\n\n\n<div class=\"wp-block-image\">\n<figure class=\"aligncenter size-full\"><img decoding=\"async\" loading=\"lazy\" width=\"77\" height=\"55\" src=\"https:\/\/www.pakovert.com\/wp-content\/uploads\/2023\/04\/quotes.png\" alt=\"\" class=\"wp-image-290\"\/><\/figure><\/div>\n\n<div class=\"gb-grid-wrapper gb-grid-wrapper-7169882a\">\n<div class=\"gb-grid-column gb-grid-column-468ff949\"><div class=\"gb-container gb-container-468ff949\"><div class=\"gb-inside-container\"><\/div><\/div><\/div>\n\n<div class=\"gb-grid-column gb-grid-column-2844a8bb\"><div class=\"gb-container gb-container-2844a8bb\"><div class=\"gb-inside-container\">\n\n<p class=\"has-text-align-center has-white-color has-text-color\">Je ne savais pas que les r\u00e9cipients pour les plats \u00e0 emporter pouvaient \u00eatre aussi durables et respectueux de l&rsquo;environnement jusqu&rsquo;\u00e0 ce que j&rsquo;essaie PakoVert. J&rsquo;ai \u00e9t\u00e9 impressionn\u00e9e par leur qualit\u00e9 et par leur capacit\u00e9 \u00e0 conserver la fra\u00eecheur de mes aliments pendant des heures. De plus, le fait de savoir qu&rsquo;ils sont fabriqu\u00e9s \u00e0 partir de mat\u00e9riaux durables m&rsquo;a rassur\u00e9 quant \u00e0 mon impact sur l&rsquo;environnement. Je recommande vivement les contenants \u00e0 emporter de PakoVert \u00e0 tous ceux qui veulent d\u00e9guster leurs repas sur le pouce sans nuire \u00e0 la plan\u00e8te.<br><br><strong>Maxwell Ross<\/strong><\/p>\n\n\n\n<p><\/p>\n\n<\/div><\/div><\/div>\n\n<div class=\"gb-grid-column gb-grid-column-f9a2c208\"><div class=\"gb-container gb-container-f9a2c208\"><div class=\"gb-inside-container\"><\/div><\/div><\/div>\n<\/div>\n<\/div><\/div>\n\n<div class=\"gb-container gb-container-474c0ba2\"><div class=\"gb-inside-container\">\n\n<hr class=\"wp-block-separator has-text-color has-accent-color has-css-opacity has-accent-background-color has-background is-style-default\"\/>\n\n\n\n<h2 class=\"gb-headline gb-headline-552745bd gb-headline-text\">Personnalisez votre design<br><span class=\"has-inline-color has-accent-color\">OBTENIR UN DEVIS<\/span><\/h2>\n\n\n<div class=\"gb-button-wrapper gb-button-wrapper-6abda69d\">\n\n<a class=\"gb-button gb-button-26097f65\" href=\"https:\/\/www.pakovert.com\/fr\/contact\/\"><span class=\"gb-button-text\">NOUS JOINDRE<\/span><span class=\"gb-icon\"><svg aria-hidden=\"true\" height=\"1em\" width=\"1em\" viewBox=\"0 0 256 512\" xmlns=\"http:\/\/www.w3.org\/2000\/svg\"><path fill=\"currentColor\" d=\"M224.3 273l-136 136c-9.4 9.4-24.6 9.4-33.9 0l-22.6-22.6c-9.4-9.4-9.4-24.6 0-33.9l96.4-96.4-96.4-96.4c-9.4-9.4-9.4-24.6 0-33.9L54.3 103c9.4-9.4 24.6-9.4 33.9 0l136 136c9.5 9.4 9.5 24.6.1 34z\"><\/path><\/svg><\/span><\/a>\n\n<\/div>\n<\/div><\/div>","protected":false},"excerpt":{"rendered":"<p>Ce que disent LES GENS<\/p>\n","protected":false},"author":5,"featured_media":584,"parent":0,"menu_order":0,"comment_status":"closed","ping_status":"closed","template":"","meta":{"footnotes":"","_vp_format_video_url":"","_vp_image_focal_point":[]},"yoast_head":"<!-- This site is optimized with the Yoast SEO plugin v20.13 - https:\/\/yoast.com\/wordpress\/plugins\/seo\/ -->\n<title>Accueil - PakoVert<\/title>\n<meta name=\"robots\" content=\"index, follow, max-snippet:-1, max-image-preview:large, max-video-preview:-1\" \/>\n<link rel=\"canonical\" href=\"https:\/\/www.pakovert.com\/fr\/\" \/>\n<meta property=\"og:locale\" content=\"fr_FR\" \/>\n<meta property=\"og:type\" content=\"article\" \/>\n<meta property=\"og:title\" content=\"Accueil - PakoVert\" \/>\n<meta property=\"og:description\" content=\"Ce que disent LES GENS\" \/>\n<meta property=\"og:url\" content=\"https:\/\/www.pakovert.com\/fr\/\" \/>\n<meta property=\"og:site_name\" content=\"PakoVert\" \/>\n<meta property=\"article:publisher\" content=\"https:\/\/www.facebook.com\/people\/pakovert_mtl\/100066700060529\/\" \/>\n<meta property=\"article:modified_time\" content=\"2023-08-15T04:28:53+00:00\" \/>\n<meta property=\"og:image\" content=\"https:\/\/www.pakovert.com\/wp-content\/uploads\/2023\/08\/pakovert-home-banner.webp\" \/>\n\t<meta property=\"og:image:width\" content=\"1920\" \/>\n\t<meta property=\"og:image:height\" content=\"940\" \/>\n\t<meta property=\"og:image:type\" content=\"image\/webp\" \/>\n<meta name=\"twitter:card\" content=\"summary_large_image\" \/>\n<meta name=\"twitter:label1\" content=\"Dur\u00e9e de lecture estim\u00e9e\" \/>\n\t<meta name=\"twitter:data1\" content=\"1 minute\" \/>\n<script type=\"application\/ld+json\" class=\"yoast-schema-graph\">{\"@context\":\"https:\/\/schema.org\",\"@graph\":[{\"@type\":\"WebPage\",\"@id\":\"https:\/\/www.pakovert.com\/fr\/\",\"url\":\"https:\/\/www.pakovert.com\/fr\/\",\"name\":\"Accueil - PakoVert\",\"isPartOf\":{\"@id\":\"https:\/\/www.pakovert.com\/fr\/#website\"},\"datePublished\":\"2020-11-27T23:04:21+00:00\",\"dateModified\":\"2023-08-15T04:28:53+00:00\",\"breadcrumb\":{\"@id\":\"https:\/\/www.pakovert.com\/fr\/#breadcrumb\"},\"inLanguage\":\"fr-FR\",\"potentialAction\":[{\"@type\":\"ReadAction\",\"target\":[\"https:\/\/www.pakovert.com\/fr\/\"]}]},{\"@type\":\"BreadcrumbList\",\"@id\":\"https:\/\/www.pakovert.com\/fr\/#breadcrumb\",\"itemListElement\":[{\"@type\":\"ListItem\",\"position\":1,\"name\":\"Home\",\"item\":\"https:\/\/www.pakovert.com\/fr\/\"},{\"@type\":\"ListItem\",\"position\":2,\"name\":\"Accueil\"}]},{\"@type\":\"WebSite\",\"@id\":\"https:\/\/www.pakovert.com\/fr\/#website\",\"url\":\"https:\/\/www.pakovert.com\/fr\/\",\"name\":\"PakoVert\",\"description\":\"Customizable packaging options: Insulated Bags, Grocery Bags, Take-Out Containers\",\"publisher\":{\"@id\":\"https:\/\/www.pakovert.com\/fr\/#organization\"},\"potentialAction\":[{\"@type\":\"SearchAction\",\"target\":{\"@type\":\"EntryPoint\",\"urlTemplate\":\"https:\/\/www.pakovert.com\/fr\/?s={search_term_string}\"},\"query-input\":\"required name=search_term_string\"}],\"inLanguage\":\"fr-FR\"},{\"@type\":\"Organization\",\"@id\":\"https:\/\/www.pakovert.com\/fr\/#organization\",\"name\":\"PakoVert\",\"url\":\"https:\/\/www.pakovert.com\/fr\/\",\"logo\":{\"@type\":\"ImageObject\",\"inLanguage\":\"fr-FR\",\"@id\":\"https:\/\/www.pakovert.com\/fr\/#\/schema\/logo\/image\/\",\"url\":\"https:\/\/www.pakovert.com\/wp-content\/uploads\/2023\/04\/logo-pakovert.png\",\"contentUrl\":\"https:\/\/www.pakovert.com\/wp-content\/uploads\/2023\/04\/logo-pakovert.png\",\"width\":311,\"height\":53,\"caption\":\"PakoVert\"},\"image\":{\"@id\":\"https:\/\/www.pakovert.com\/fr\/#\/schema\/logo\/image\/\"},\"sameAs\":[\"https:\/\/www.facebook.com\/people\/pakovert_mtl\/100066700060529\/\",\"https:\/\/www.instagram.com\/pakovert_mtl\/\"]}]}<\/script>\n<!-- \/ Yoast SEO plugin. -->","yoast_head_json":{"title":"Accueil - PakoVert","robots":{"index":"index","follow":"follow","max-snippet":"max-snippet:-1","max-image-preview":"max-image-preview:large","max-video-preview":"max-video-preview:-1"},"canonical":"https:\/\/www.pakovert.com\/fr\/","og_locale":"fr_FR","og_type":"article","og_title":"Accueil - PakoVert","og_description":"Ce que disent LES GENS","og_url":"https:\/\/www.pakovert.com\/fr\/","og_site_name":"PakoVert","article_publisher":"https:\/\/www.facebook.com\/people\/pakovert_mtl\/100066700060529\/","article_modified_time":"2023-08-15T04:28:53+00:00","og_image":[{"width":1920,"height":940,"url":"https:\/\/www.pakovert.com\/wp-content\/uploads\/2023\/08\/pakovert-home-banner.webp","type":"image\/webp"}],"twitter_card":"summary_large_image","twitter_misc":{"Dur\u00e9e de lecture estim\u00e9e":"1 minute"},"schema":{"@context":"https:\/\/schema.org","@graph":[{"@type":"WebPage","@id":"https:\/\/www.pakovert.com\/fr\/","url":"https:\/\/www.pakovert.com\/fr\/","name":"Accueil - PakoVert","isPartOf":{"@id":"https:\/\/www.pakovert.com\/fr\/#website"},"datePublished":"2020-11-27T23:04:21+00:00","dateModified":"2023-08-15T04:28:53+00:00","breadcrumb":{"@id":"https:\/\/www.pakovert.com\/fr\/#breadcrumb"},"inLanguage":"fr-FR","potentialAction":[{"@type":"ReadAction","target":["https:\/\/www.pakovert.com\/fr\/"]}]},{"@type":"BreadcrumbList","@id":"https:\/\/www.pakovert.com\/fr\/#breadcrumb","itemListElement":[{"@type":"ListItem","position":1,"name":"Home","item":"https:\/\/www.pakovert.com\/fr\/"},{"@type":"ListItem","position":2,"name":"Accueil"}]},{"@type":"WebSite","@id":"https:\/\/www.pakovert.com\/fr\/#website","url":"https:\/\/www.pakovert.com\/fr\/","name":"PakoVert","description":"Customizable packaging options: Insulated Bags, Grocery Bags, Take-Out Containers","publisher":{"@id":"https:\/\/www.pakovert.com\/fr\/#organization"},"potentialAction":[{"@type":"SearchAction","target":{"@type":"EntryPoint","urlTemplate":"https:\/\/www.pakovert.com\/fr\/?s={search_term_string}"},"query-input":"required name=search_term_string"}],"inLanguage":"fr-FR"},{"@type":"Organization","@id":"https:\/\/www.pakovert.com\/fr\/#organization","name":"PakoVert","url":"https:\/\/www.pakovert.com\/fr\/","logo":{"@type":"ImageObject","inLanguage":"fr-FR","@id":"https:\/\/www.pakovert.com\/fr\/#\/schema\/logo\/image\/","url":"https:\/\/www.pakovert.com\/wp-content\/uploads\/2023\/04\/logo-pakovert.png","contentUrl":"https:\/\/www.pakovert.com\/wp-content\/uploads\/2023\/04\/logo-pakovert.png","width":311,"height":53,"caption":"PakoVert"},"image":{"@id":"https:\/\/www.pakovert.com\/fr\/#\/schema\/logo\/image\/"},"sameAs":["https:\/\/www.facebook.com\/people\/pakovert_mtl\/100066700060529\/","https:\/\/www.instagram.com\/pakovert_mtl\/"]}]}},"_links":{"self":[{"href":"https:\/\/www.pakovert.com\/fr\/wp-json\/wp\/v2\/pages\/168"}],"collection":[{"href":"https:\/\/www.pakovert.com\/fr\/wp-json\/wp\/v2\/pages"}],"about":[{"href":"https:\/\/www.pakovert.com\/fr\/wp-json\/wp\/v2\/types\/page"}],"author":[{"embeddable":true,"href":"https:\/\/www.pakovert.com\/fr\/wp-json\/wp\/v2\/users\/5"}],"replies":[{"embeddable":true,"href":"https:\/\/www.pakovert.com\/fr\/wp-json\/wp\/v2\/comments?post=168"}],"version-history":[{"count":0,"href":"https:\/\/www.pakovert.com\/fr\/wp-json\/wp\/v2\/pages\/168\/revisions"}],"wp:featuredmedia":[{"embeddable":true,"href":"https:\/\/www.pakovert.com\/fr\/wp-json\/wp\/v2\/media\/584"}],"wp:attachment":[{"href":"https:\/\/www.pakovert.com\/fr\/wp-json\/wp\/v2\/media?parent=168"}],"curies":[{"name":"wp","href":"https:\/\/api.w.org\/{rel}","templated":true}]}}